{"id":298,"date":"2021-12-25T10:43:20","date_gmt":"2021-12-25T09:43:20","guid":{"rendered":"http:\/\/www.edvinfliser.com\/?page_id=298"},"modified":"2021-12-30T09:35:47","modified_gmt":"2021-12-30T08:35:47","slug":"rdeci-decki-2","status":"publish","type":"page","link":"https:\/\/www.edvinfliser.com\/?page_id=298","title":{"rendered":"Spomini"},"content":{"rendered":"\n<p>Rde\u010dim de\u010dkom velja  nameniti posebno pozornost. Z njimi je Edvin za\u010del in z njimi \u0161e vedno sodeluje. <\/p>\n\n\n\n<figure class=\"wp-block-embed alignleft is-type-video is-provider-youtube wp-block-embed-youtube wp-embed-aspect-4-3 wp-has-aspect-ratio\"><div class=\"wp-block-embed__wrapper\">\n<iframe loading=\"lazy\" title=\"Rde\u010di de\u010dki in Edvin Fliser - Delilah - Hala Tivoli\" width=\"525\" height=\"394\" src=\"https:\/\/www.youtube.com\/embed\/RyLvsvRa3ss?feature=oembed\" frameborder=\"0\" allow=\"accelerometer; autoplay; clipboard-write; encrypted-media; gyroscope; picture-in-picture\" allowfullscreen><\/iframe>\n<\/div><\/figure>\n\n\n\n<figure class=\"wp-block-embed alignleft is-type-video is-provider-youtube wp-block-embed-youtube wp-embed-aspect-16-9 wp-has-aspect-ratio\"><div class=\"wp-block-embed__wrapper\">\n<iframe loading=\"lazy\" title=\"Rde\u010di de\u010dki KAJ NAJ TI RE\u010cEM\" width=\"525\" height=\"295\" src=\"https:\/\/www.youtube.com\/embed\/WB-LCVNxsvo?feature=oembed\" frameborder=\"0\" allow=\"accelerometer; autoplay; clipboard-write; encrypted-media; gyroscope; picture-in-picture\" allowfullscreen><\/iframe>\n<\/div><\/figure>\n\n\n\n<figure class=\"wp-block-embed alignleft is-type-video is-provider-youtube wp-block-embed-youtube wp-embed-aspect-16-9 wp-has-aspect-ratio\"><div class=\"wp-block-embed__wrapper\">\n<iframe loading=\"lazy\" title=\"Rde\u010di de\u010dki - No\u010d za rock&#039;n&#039;roll (MGNZ 2014)\" width=\"525\" height=\"295\" src=\"https:\/\/www.youtube.com\/embed\/lcHfVzMyDh4?feature=oembed\" frameborder=\"0\" allow=\"accelerometer; autoplay; clipboard-write; encrypted-media; gyroscope; picture-in-picture\" allowfullscreen><\/iframe>\n<\/div><\/figure>\n\n\n\n<figure class=\"wp-block-embed alignleft is-type-video is-provider-youtube wp-block-embed-youtube wp-embed-aspect-4-3 wp-has-aspect-ratio\"><div class=\"wp-block-embed__wrapper\">\n<iframe loading=\"lazy\" title=\"Rde\u010di de\u010dki in Edvin Fliser - Delilah - Hala Tivoli\" width=\"525\" height=\"394\" src=\"https:\/\/www.youtube.com\/embed\/RyLvsvRa3ss?feature=oembed\" frameborder=\"0\" allow=\"accelerometer; autoplay; clipboard-write; encrypted-media; gyroscope; picture-in-picture\" allowfullscreen><\/iframe>\n<\/div><\/figure>\n\n\n\n<figure class=\"wp-block-embed alignleft is-type-video is-provider-youtube wp-block-embed-youtube wp-embed-aspect-16-9 wp-has-aspect-ratio\"><div class=\"wp-block-embed__wrapper\">\n<iframe loading=\"lazy\" title=\"Yesterday danes, Maribor 16.5 2014 - Rde\u010di de\u010dki in Edvin Fliser\" width=\"525\" height=\"295\" src=\"https:\/\/www.youtube.com\/embed\/57_BCUo3SAE?feature=oembed\" frameborder=\"0\" allow=\"accelerometer; autoplay; clipboard-write; encrypted-media; gyroscope; picture-in-picture\" allowfullscreen><\/iframe>\n<\/div><\/figure>\n\n\n\n<figure class=\"wp-block-embed alignleft is-type-video is-provider-youtube wp-block-embed-youtube wp-embed-aspect-16-9 wp-has-aspect-ratio\"><div class=\"wp-block-embed__wrapper\">\n<iframe loading=\"lazy\" title=\"Yesterday danes! Maribor, 16.5.2014 Rde\u010di de\u010dki in Edvin Fliser\" width=\"525\" height=\"295\" src=\"https:\/\/www.youtube.com\/embed\/ra4xqc8j-ZM?feature=oembed\" frameborder=\"0\" allow=\"accelerometer; autoplay; clipboard-write; encrypted-media; gyroscope; picture-in-picture\" allowfullscreen><\/iframe>\n<\/div><\/figure>\n\n\n\n<figure class=\"wp-block-embed alignleft is-type-video is-provider-youtube wp-block-embed-youtube wp-embed-aspect-4-3 wp-has-aspect-ratio\"><div class=\"wp-block-embed__wrapper\">\n<iframe loading=\"lazy\" title=\"Beatnik Rde\u010di de\u010dki\" width=\"525\" height=\"394\" src=\"https:\/\/www.youtube.com\/embed\/6RGn9-w1Xz8?feature=oembed\" frameborder=\"0\" allow=\"accelerometer; autoplay; clipboard-write; encrypted-media; gyroscope; picture-in-picture\" allowfullscreen><\/iframe>\n<\/div><\/figure>\n\n\n\n<figure class=\"wp-block-embed alignleft is-type-video is-provider-youtube wp-block-embed-youtube wp-embed-aspect-16-9 wp-has-aspect-ratio\"><div class=\"wp-block-embed__wrapper\">\n<iframe loading=\"lazy\" title=\"Nocoj so za\u017eigali Rde\u010di de\u010dki - 1. del\" width=\"525\" height=\"295\" src=\"https:\/\/www.youtube.com\/embed\/fjwQW5gq_GM?feature=oembed\" frameborder=\"0\" allow=\"accelerometer; autoplay; clipboard-write; encrypted-media; gyroscope; picture-in-picture\" allowfullscreen><\/iframe>\n<\/div><\/figure>\n\n\n\n<figure class=\"wp-block-embed alignleft is-type-video is-provider-youtube wp-block-embed-youtube wp-embed-aspect-16-9 wp-has-aspect-ratio\"><div class=\"wp-block-embed__wrapper\">\n<iframe loading=\"lazy\" title=\"Nocoj so za\u017eigali Rde\u010di de\u010dki - 2. del\" width=\"525\" height=\"295\" src=\"https:\/\/www.youtube.com\/embed\/YXimh8p_41w?feature=oembed\" frameborder=\"0\" allow=\"accelerometer; autoplay; clipboard-write; encrypted-media; gyroscope; picture-in-picture\" allowfullscreen><\/iframe>\n<\/div><\/figure>\n\n\n\n<figure class=\"wp-block-embed alignleft is-type-video is-provider-youtube wp-block-embed-youtube wp-embed-aspect-16-9 wp-has-aspect-ratio\"><div class=\"wp-block-embed__wrapper\">\n<iframe loading=\"lazy\" title=\"Rde\u010di de\u010dki - Rokenrol smo \u0161pilali (MGNZ 2014)\" width=\"525\" height=\"295\" src=\"https:\/\/www.youtube.com\/embed\/LbOYIbIKP7I?feature=oembed\" frameborder=\"0\" allow=\"accelerometer; autoplay; clipboard-write; encrypted-media; gyroscope; picture-in-picture\" allowfullscreen><\/iframe>\n<\/div><\/figure>\n\n\n\n<figure class=\"wp-block-embed alignleft is-type-video is-provider-youtube wp-block-embed-youtube wp-embed-aspect-4-3 wp-has-aspect-ratio\"><div class=\"wp-block-embed__wrapper\">\n<iframe loading=\"lazy\" title=\"Rde\u010di de\u010dki\" width=\"525\" height=\"394\" src=\"https:\/\/www.youtube.com\/embed\/Uzyf6ELqTbs?feature=oembed\" frameborder=\"0\" allow=\"accelerometer; autoplay; clipboard-write; encrypted-media; gyroscope; picture-in-picture\" allowfullscreen><\/iframe>\n<\/div><\/figure>\n\n\n\n<figure class=\"wp-block-embed alignleft is-type-video is-provider-youtube wp-block-embed-youtube wp-embed-aspect-4-3 wp-has-aspect-ratio\"><div class=\"wp-block-embed__wrapper\">\n<iframe loading=\"lazy\" title=\"Rde\u010di de\u010dki in Edvin Fliser - Keep on running - Hala Tivoli\" width=\"525\" height=\"394\" src=\"https:\/\/www.youtube.com\/embed\/_bD4VXvhLQs?feature=oembed\" frameborder=\"0\" allow=\"accelerometer; autoplay; clipboard-write; encrypted-media; gyroscope; picture-in-picture\" allowfullscreen><\/iframe>\n<\/div><\/figure>\n\n\n\n<figure class=\"wp-block-embed alignleft is-type-video is-provider-youtube wp-block-embed-youtube wp-embed-aspect-4-3 wp-has-aspect-ratio\"><div class=\"wp-block-embed__wrapper\">\n<iframe loading=\"lazy\" title=\"Edvin Fliser - Delilah\" width=\"525\" height=\"394\" src=\"https:\/\/www.youtube.com\/embed\/bgWtQX9yO3Q?feature=oembed\" frameborder=\"0\" allow=\"accelerometer; autoplay; clipboard-write; encrypted-media; gyroscope; picture-in-picture\" allowfullscreen><\/iframe>\n<\/div><figcaption>Delilah<\/figcaption><\/figure>\n","protected":false},"excerpt":{"rendered":"<p>Rde\u010dim de\u010dkom velja nameniti posebno pozornost. Z njimi je Edvin za\u010del in z njimi \u0161e vedno sodeluje.<\/p>\n","protected":false},"author":1,"featured_media":0,"parent":0,"menu_order":0,"comment_status":"closed","ping_status":"closed","template":"","meta":[],"_links":{"self":[{"href":"https:\/\/www.edvinfliser.com\/index.php?rest_route=\/wp\/v2\/pages\/298"}],"collection":[{"href":"https:\/\/www.edvinfliser.com\/index.php?rest_route=\/wp\/v2\/pages"}],"about":[{"href":"https:\/\/www.edvinfliser.com\/index.php?rest_route=\/wp\/v2\/types\/page"}],"author":[{"embeddable":true,"href":"https:\/\/www.edvinfliser.com\/index.php?rest_route=\/wp\/v2\/users\/1"}],"replies":[{"embeddable":true,"href":"https:\/\/www.edvinfliser.com\/index.php?rest_route=%2Fwp%2Fv2%2Fcomments&post=298"}],"version-history":[{"count":5,"href":"https:\/\/www.edvinfliser.com\/index.php?rest_route=\/wp\/v2\/pages\/298\/revisions"}],"predecessor-version":[{"id":493,"href":"https:\/\/www.edvinfliser.com\/index.php?rest_route=\/wp\/v2\/pages\/298\/revisions\/493"}],"wp:attachment":[{"href":"https:\/\/www.edvinfliser.com\/index.php?rest_route=%2Fwp%2Fv2%2Fmedia&parent=298"}],"curies":[{"name":"wp","href":"https:\/\/api.w.org\/{rel}","templated":true}]}}